{"id":1302,"date":"2013-04-07T16:28:54","date_gmt":"2013-04-07T16:28:54","guid":{"rendered":"http:\/\/www.kriesi.at\/themes\/enfold\/?page_id=1302"},"modified":"2015-07-02T22:53:26","modified_gmt":"2015-07-02T22:53:26","slug":"servicios","status":"publish","type":"page","link":"https:\/\/www.grupovitropanel.com\/grupovitropanel\/servicios\/","title":{"rendered":"Servicios"},"content":{"rendered":"<p>[av_section min_height=&#8217;custom&#8217; min_height_px=&#8217;417px&#8217; padding=&#8217;no-padding&#8217; shadow=&#8217;shadow&#8217; bottom_border=&#8217;no-border-styling&#8217; id=&#8221; color=&#8217;main_color&#8217; custom_bg=&#8221; src=&#8217;http:\/\/www.grupovitropanel.com\/grupovitropanel\/wp-content\/uploads\/2015\/04\/servicios2.jpg&#8217; attachment=&#8217;3532&#8242; attachment_size=&#8217;full&#8217; attach=&#8217;parallax&#8217; position=&#8217;center center&#8217; repeat=&#8217;no-repeat&#8217; video=&#8221; video_ratio=&#8217;16:9&#8242; overlay_opacity=&#8217;0.5&#8242; overlay_color=&#8221; overlay_pattern=&#8221; overlay_custom_pattern=&#8221;][\/av_section]<\/p>\n<p>[av_heading tag=&#8217;h1&#8242; padding=&#8217;10&#8217; heading=&#8217;Servicios&#8217; color=&#8221; style=&#8217;blockquote modern-quote&#8217; custom_font=&#8221; size=&#8221; subheading_active=&#8221; subheading_size=&#8217;15&#8217; custom_class=&#8221;][\/av_heading]<\/p>\n<p>[av_textblock size=&#8221; font_color=&#8221; color=&#8221;]<br \/>\n<strong>Mayoreo y menudeo<\/strong><\/p>\n<p>Gracias a nuestra estructura en grupo, estamos en posici\u00f3n de surtir desde el pedido de un ama de casa, hasta el n\u00famero de hojas de vidrio que nos solicite cualquier subdistribuidor, adem\u00e1s de una instalaci\u00f3n de hasta 200 m\u00b2 de cristal por d\u00eda.<br \/>\n[\/av_textblock]<\/p>\n<p>[av_three_fourth first]<br \/>\n[av_tab_container position=&#8217;top_tab&#8217; boxed=&#8217;border_tabs&#8217; initial=&#8217;1&#8242;]<br \/>\n[av_tab title=&#8217;Corte&#8217; icon_select=&#8217;no&#8217; icon=&#8217;ue800&#8242; font=&#8217;entypo-fontello&#8217;]<\/p>\n<p style=\"text-align: left;\">Contamos con una mesa de corte rob\u00f3tica italiana que nos da la capacidad de maquilar piezas de cristal de cualquier tipo.<\/p>\n<p style=\"text-align: left;\">Nuestra mesa de corte rob\u00f3tica nos permite maquilar con calidad de exportaci\u00f3n cualquier pedido de corte de cristal. Los patrones de corte son manejados por la computadora, con lo que podemos garantizar medidas exactas con el est\u00e1ndar de calidad m\u00e1s exigente.<\/p>\n<p>[\/av_tab]<br \/>\n[av_tab title=&#8217;Insulado&#8217; icon_select=&#8217;no&#8217; icon=&#8217;ue800&#8242; font=&#8217;entypo-fontello&#8217;]<br \/>\nEl Vidrio Insulado o doble vidriado herm\u00e9tico,\u00a0es un vidrio con propiedades de aislamiento t\u00e9rmico y ac\u00fastico, constituido por dos hojas de vidrio flotado u otras combinaciones separadas entre s\u00ed por una c\u00e1mara de aire deshidratado cuyo espesor est\u00e1ndar var\u00eda de 6 a 25 mm. La separaci\u00f3n entre ambos vidrios est\u00e1 dada por un perfil met\u00e1lico hueco de dise\u00f1o especial o una cinta separadora aislante, en cuyo interior contienen sales deshidratantes que evitan la presencia de humedad al de la c\u00e1mara de aire.<br \/>\n[\/av_tab]<br \/>\n[av_tab title=&#8217;Esmerilado&#8217; icon_select=&#8217;no&#8217; icon=&#8217;ue800&#8242; font=&#8217;entypo-fontello&#8217;]<br \/>\nEl cristal esmerilado o Sandblast, es ideal para su imagen corporativa en los cristales de su empresa o en un dise\u00f1o especial para industriales y artesanos.<\/p>\n<p>En nuestras m\u00e1quinas, una potente lluvia de arena a presi\u00f3n controlada con precisi\u00f3n milim\u00e9trica, da vida\u00a0a los m\u00e1s creativos dise\u00f1os.<br \/>\n[\/av_tab]<br \/>\n[av_tab title=&#8217;Biselado&#8217; icon_select=&#8217;no&#8217; icon=&#8217;ue800&#8242; font=&#8217;entypo-fontello&#8217;]<br \/>\nPara dar elegancia y seguridad a cualquier cristal, \u00fatil para evitar bordes filosos, enmarcar espacios, dar un toque de elegancia muebles y espacios, etc.<\/p>\n<p>Es un acabado que se utiliza en ventaner\u00eda, muebles, cubiertas, etc.<br \/>\n[\/av_tab]<br \/>\n[av_tab title=&#8217;Canteado&#8217; icon_select=&#8217;no&#8217; icon=&#8217;ue800&#8242; font=&#8217;entypo-fontello&#8217;]<br \/>\nEl canteado es un proceso de acabado que consiste en pulir los bordes del vidrio por medio de muelas de diamante\u00a0d\u00e1ndole un terminado\u00a0\u00a0suave y est\u00e9tico en todo el per\u00edmetro del vidrio.<\/p>\n<p>El canteado puede\u00a0ser\u00a0brillante o mate y pueden ser utilizados para materiales decorativos, muebles, etc.<br \/>\n[\/av_tab]<br \/>\n[av_tab title=&#8217;Templado&#8217; icon_select=&#8217;no&#8217; icon=&#8217;ue800&#8242; font=&#8217;entypo-fontello&#8217;]<br \/>\nAumenta la resistencia del cristal y evita picos peligrosos en caso de rotura.<\/p>\n<p>Mediante el proceso de templado, el vidrio aumenta notoriamente su resistencia a la fractura por impacto, adem\u00e1s de asegurar la seguridad de los usuarios debido al redondeo de los a\u00f1icos producidos durante su ruptura. Estas cualidades lo hacen ideal para usos como divisor de espacios.<br \/>\n[\/av_tab]<br \/>\n[av_tab title=&#8217;Laminado&#8217; icon_select=&#8217;no&#8217; icon=&#8217;ue800&#8242; font=&#8217;entypo-fontello&#8217;]<br \/>\nEl vidrio laminado consiste en la uni\u00f3n de varias l\u00e1minas de vidrio mediante una pel\u00edcula intermedia realizada con butiral de polivinilo (PVB),\u00a0uniendo las\u00a0partes mediante la acci\u00f3n simult\u00e1nea de calor y presi\u00f3n controlada, logrando una\u00a0l\u00e1mina de excelente calidad \u00f3ptica.<\/p>\n<p>Los cristales laminados pueden utilizarse tanto en interiores como en exteriores, manteniendo siempre la premisa de seguridad.<br \/>\n[\/av_tab]<br \/>\n[\/av_tab_container]<br \/>\n[\/av_three_fourth]<\/p>\n<p>[av_one_fourth]<br \/>\n[av_gallery ids=&#8217;3535,3531,3495,3551&#8242; style=&#8217;thumbnails&#8217; preview_size=&#8217;portfolio&#8217; crop_big_preview_thumbnail=&#8217;avia-gallery-big-crop-thumb&#8217; thumb_size=&#8217;thumbnail&#8217; columns=&#8217;2&#8242; imagelink=&#8217;lightbox&#8217; lazyload=&#8217;avia_lazyload&#8217;]<br \/>\n[\/av_one_fourth]<\/p>\n","protected":false},"excerpt":{"rendered":"<p>[av_section min_height=&#8217;custom&#8217; min_height_px=&#8217;417px&#8217; padding=&#8217;no-padding&#8217; shadow=&#8217;shadow&#8217; bottom_border=&#8217;no-border-styling&#8217; id=&#8221; color=&#8217;main_color&#8217; custom_bg=&#8221; src=&#8217;http:\/\/www.grupovitropanel.com\/grupovitropanel\/wp-content\/uploads\/2015\/04\/servicios2.jpg&#8217; attachment=&#8217;3532&#8242; attachment_size=&#8217;full&#8217; attach=&#8217;parallax&#8217; position=&#8217;center center&#8217; repeat=&#8217;no-repeat&#8217; video=&#8221; video_ratio=&#8217;16:9&#8242; overlay_opacity=&#8217;0.5&#8242; overlay_color=&#8221; overlay_pattern=&#8221; overlay_custom_pattern=&#8221;][\/av_section] [av_heading tag=&#8217;h1&#8242; padding=&#8217;10&#8217; heading=&#8217;Servicios&#8217; color=&#8221; style=&#8217;blockquote modern-quote&#8217; custom_font=&#8221; size=&#8221; subheading_active=&#8221; subheading_size=&#8217;15&#8217; custom_class=&#8221;][\/av_heading] [av_textblock size=&#8221; font_color=&#8221; color=&#8221;] Mayoreo y menudeo Gracias a nuestra estructura en grupo, estamos en posici\u00f3n de surtir desde el pedido &hellip; <a href=\"https:\/\/www.grupovitropanel.com\/grupovitropanel\/servicios\/\" class=\"more-link\">Seguir leyendo <span class=\"screen-reader-text\">Servicios<\/span> <span class=\"meta-nav\">&rarr;<\/span><\/a><\/p>\n","protected":false},"author":1,"featured_media":0,"parent":0,"menu_order":0,"comment_status":"open","ping_status":"closed","template":"","meta":{"nf_dc_page":"","footnotes":""},"class_list":["post-1302","page","type-page","status-publish","hentry"],"yoast_head":"<!-- This site is optimized with the Yoast SEO plugin v26.9 - https:\/\/yoast.com\/product\/yoast-seo-wordpress\/ -->\n<title>Servicios - Grupo Vitropanel<\/title>\n<meta name=\"robots\" content=\"index, follow, max-snippet:-1, max-image-preview:large, max-video-preview:-1\" \/>\n<link rel=\"canonical\" href=\"https:\/\/www.grupovitropanel.com\/grupovitropanel\/servicios\/\" \/>\n<meta property=\"og:locale\" content=\"es_ES\" \/>\n<meta property=\"og:type\" content=\"article\" \/>\n<meta property=\"og:title\" content=\"Servicios - Grupo Vitropanel\" \/>\n<meta property=\"og:description\" content=\"[av_section min_height=&#8217;custom&#8217; min_height_px=&#8217;417px&#8217; padding=&#8217;no-padding&#8217; shadow=&#8217;shadow&#8217; bottom_border=&#8217;no-border-styling&#8217; id=&#8221; color=&#8217;main_color&#8217; custom_bg=&#8221; src=&#8217;http:\/\/www.grupovitropanel.com\/grupovitropanel\/wp-content\/uploads\/2015\/04\/servicios2.jpg&#8217; attachment=&#8217;3532&#8242; attachment_size=&#8217;full&#8217; attach=&#8217;parallax&#8217; position=&#8217;center center&#8217; repeat=&#8217;no-repeat&#8217; video=&#8221; video_ratio=&#8217;16:9&#8242; overlay_opacity=&#8217;0.5&#8242; overlay_color=&#8221; overlay_pattern=&#8221; overlay_custom_pattern=&#8221;][\/av_section] [av_heading tag=&#8217;h1&#8242; padding=&#8217;10&#8217; heading=&#8217;Servicios&#8217; color=&#8221; style=&#8217;blockquote modern-quote&#8217; custom_font=&#8221; size=&#8221; subheading_active=&#8221; subheading_size=&#8217;15&#8217; custom_class=&#8221;][\/av_heading] [av_textblock size=&#8221; font_color=&#8221; color=&#8221;] Mayoreo y menudeo Gracias a nuestra estructura en grupo, estamos en posici\u00f3n de surtir desde el pedido &hellip; Seguir leyendo Servicios &rarr;\" \/>\n<meta property=\"og:url\" content=\"https:\/\/www.grupovitropanel.com\/grupovitropanel\/servicios\/\" \/>\n<meta property=\"og:site_name\" content=\"Grupo Vitropanel\" \/>\n<meta property=\"article:modified_time\" content=\"2015-07-02T22:53:26+00:00\" \/>\n<meta name=\"twitter:card\" content=\"summary_large_image\" \/>\n<meta name=\"twitter:label1\" content=\"Tiempo de lectura\" \/>\n\t<meta name=\"twitter:data1\" content=\"4 minutos\" \/>\n<script type=\"application\/ld+json\" class=\"yoast-schema-graph\">{\"@context\":\"https:\/\/schema.org\",\"@graph\":[{\"@type\":\"WebPage\",\"@id\":\"https:\/\/www.grupovitropanel.com\/grupovitropanel\/servicios\/\",\"url\":\"https:\/\/www.grupovitropanel.com\/grupovitropanel\/servicios\/\",\"name\":\"Servicios - Grupo Vitropanel\",\"isPartOf\":{\"@id\":\"https:\/\/www.grupovitropanel.com\/grupovitropanel\/#website\"},\"datePublished\":\"2013-04-07T16:28:54+00:00\",\"dateModified\":\"2015-07-02T22:53:26+00:00\",\"inLanguage\":\"es\",\"potentialAction\":[{\"@type\":\"ReadAction\",\"target\":[\"https:\/\/www.grupovitropanel.com\/grupovitropanel\/servicios\/\"]}]},{\"@type\":\"WebSite\",\"@id\":\"https:\/\/www.grupovitropanel.com\/grupovitropanel\/#website\",\"url\":\"https:\/\/www.grupovitropanel.com\/grupovitropanel\/\",\"name\":\"Grupo Vitropanel\",\"description\":\"Grupo Vitropanel\",\"potentialAction\":[{\"@type\":\"SearchAction\",\"target\":{\"@type\":\"EntryPoint\",\"urlTemplate\":\"https:\/\/www.grupovitropanel.com\/grupovitropanel\/?s={search_term_string}\"},\"query-input\":{\"@type\":\"PropertyValueSpecification\",\"valueRequired\":true,\"valueName\":\"search_term_string\"}}],\"inLanguage\":\"es\"}]}<\/script>\n<!-- \/ Yoast SEO plugin. -->","yoast_head_json":{"title":"Servicios - Grupo Vitropanel","robots":{"index":"index","follow":"follow","max-snippet":"max-snippet:-1","max-image-preview":"max-image-preview:large","max-video-preview":"max-video-preview:-1"},"canonical":"https:\/\/www.grupovitropanel.com\/grupovitropanel\/servicios\/","og_locale":"es_ES","og_type":"article","og_title":"Servicios - Grupo Vitropanel","og_description":"[av_section min_height=&#8217;custom&#8217; min_height_px=&#8217;417px&#8217; padding=&#8217;no-padding&#8217; shadow=&#8217;shadow&#8217; bottom_border=&#8217;no-border-styling&#8217; id=&#8221; color=&#8217;main_color&#8217; custom_bg=&#8221; src=&#8217;http:\/\/www.grupovitropanel.com\/grupovitropanel\/wp-content\/uploads\/2015\/04\/servicios2.jpg&#8217; attachment=&#8217;3532&#8242; attachment_size=&#8217;full&#8217; attach=&#8217;parallax&#8217; position=&#8217;center center&#8217; repeat=&#8217;no-repeat&#8217; video=&#8221; video_ratio=&#8217;16:9&#8242; overlay_opacity=&#8217;0.5&#8242; overlay_color=&#8221; overlay_pattern=&#8221; overlay_custom_pattern=&#8221;][\/av_section] [av_heading tag=&#8217;h1&#8242; padding=&#8217;10&#8217; heading=&#8217;Servicios&#8217; color=&#8221; style=&#8217;blockquote modern-quote&#8217; custom_font=&#8221; size=&#8221; subheading_active=&#8221; subheading_size=&#8217;15&#8217; custom_class=&#8221;][\/av_heading] [av_textblock size=&#8221; font_color=&#8221; color=&#8221;] Mayoreo y menudeo Gracias a nuestra estructura en grupo, estamos en posici\u00f3n de surtir desde el pedido &hellip; Seguir leyendo Servicios &rarr;","og_url":"https:\/\/www.grupovitropanel.com\/grupovitropanel\/servicios\/","og_site_name":"Grupo Vitropanel","article_modified_time":"2015-07-02T22:53:26+00:00","twitter_card":"summary_large_image","twitter_misc":{"Tiempo de lectura":"4 minutos"},"schema":{"@context":"https:\/\/schema.org","@graph":[{"@type":"WebPage","@id":"https:\/\/www.grupovitropanel.com\/grupovitropanel\/servicios\/","url":"https:\/\/www.grupovitropanel.com\/grupovitropanel\/servicios\/","name":"Servicios - Grupo Vitropanel","isPartOf":{"@id":"https:\/\/www.grupovitropanel.com\/grupovitropanel\/#website"},"datePublished":"2013-04-07T16:28:54+00:00","dateModified":"2015-07-02T22:53:26+00:00","inLanguage":"es","potentialAction":[{"@type":"ReadAction","target":["https:\/\/www.grupovitropanel.com\/grupovitropanel\/servicios\/"]}]},{"@type":"WebSite","@id":"https:\/\/www.grupovitropanel.com\/grupovitropanel\/#website","url":"https:\/\/www.grupovitropanel.com\/grupovitropanel\/","name":"Grupo Vitropanel","description":"Grupo Vitropanel","potentialAction":[{"@type":"SearchAction","target":{"@type":"EntryPoint","urlTemplate":"https:\/\/www.grupovitropanel.com\/grupovitropanel\/?s={search_term_string}"},"query-input":{"@type":"PropertyValueSpecification","valueRequired":true,"valueName":"search_term_string"}}],"inLanguage":"es"}]}},"_links":{"self":[{"href":"https:\/\/www.grupovitropanel.com\/grupovitropanel\/wp-json\/wp\/v2\/pages\/1302","targetHints":{"allow":["GET"]}}],"collection":[{"href":"https:\/\/www.grupovitropanel.com\/grupovitropanel\/wp-json\/wp\/v2\/pages"}],"about":[{"href":"https:\/\/www.grupovitropanel.com\/grupovitropanel\/wp-json\/wp\/v2\/types\/page"}],"author":[{"embeddable":true,"href":"https:\/\/www.grupovitropanel.com\/grupovitropanel\/wp-json\/wp\/v2\/users\/1"}],"replies":[{"embeddable":true,"href":"https:\/\/www.grupovitropanel.com\/grupovitropanel\/wp-json\/wp\/v2\/comments?post=1302"}],"version-history":[{"count":53,"href":"https:\/\/www.grupovitropanel.com\/grupovitropanel\/wp-json\/wp\/v2\/pages\/1302\/revisions"}],"predecessor-version":[{"id":3696,"href":"https:\/\/www.grupovitropanel.com\/grupovitropanel\/wp-json\/wp\/v2\/pages\/1302\/revisions\/3696"}],"wp:attachment":[{"href":"https:\/\/www.grupovitropanel.com\/grupovitropanel\/wp-json\/wp\/v2\/media?parent=1302"}],"curies":[{"name":"wp","href":"https:\/\/api.w.org\/{rel}","templated":true}]}}