{"id":1167,"date":"2013-04-05T13:33:38","date_gmt":"2013-04-05T13:33:38","guid":{"rendered":"http:\/\/www.kriesi.at\/themes\/enfold\/?page_id=1167"},"modified":"2015-04-08T19:04:51","modified_gmt":"2015-04-08T19:04:51","slug":"contacto","status":"publish","type":"page","link":"https:\/\/www.grupovitropanel.com\/grupovitropanel\/contacto\/","title":{"rendered":"Contacto"},"content":{"rendered":"<p>[av_one_full first]<\/p>\n<p>[av_heading heading=&#8217;Estamos a sus \u00f3rdenes&#8217; tag=&#8217;h3&#8242; style=&#8217;blockquote modern-quote&#8217; size=&#8221; subheading_active=&#8221; subheading_size=&#8217;10&#8217; padding=&#8217;10&#8217; color=&#8221; custom_font=&#8221;][\/av_heading]<\/p>\n<p>[av_textblock size=&#8221; font_color=&#8221; color=&#8221;]<br \/>\nAgradecemos su visita y nos ponemos a sus \u00f3rdenes para aclarar cualquier duda.<br \/>\nLl\u00e1menos al (442) 257 60 37 en la ciudad de Quer\u00e9taro o escr\u00edbanos sus comentarios y sugerencias.<br \/>\n[\/av_textblock]<\/p>\n<p>[av_contact email=&#8217;claudia@penultimaversion.com&#8217; title=&#8221; button=&#8217;Enviar&#8217; on_send=&#8221; sent=&#8217;Su mensaje ha sido enviado.&#8217; link=&#8217;manually,http:\/\/&#8217; subject=&#8217;Grupo Vitro Panel.com&#8217; autorespond=&#8217;Gracias por enviarnos sus comentarios.<br \/>\nEn breve nos pondremos en contacto con usted.&#8217; captcha=&#8221; color=&#8221;]<br \/>\n[av_contact_field label=&#8217;Nombre&#8217; type=&#8217;text&#8217; options=&#8221; check=&#8217;is_empty&#8217; width=&#8217;element_half&#8217;][\/av_contact_field]<br \/>\n[av_contact_field label=&#8217;E-Mail&#8217; type=&#8217;text&#8217; options=&#8221; check=&#8217;is_email&#8217; width=&#8217;element_half&#8217; multi_select=&#8221;][\/av_contact_field]<br \/>\n[av_contact_field label=&#8217;Asunto&#8217; type=&#8217;text&#8217; options=&#8221; check=&#8217;is_empty&#8217; width=&#8221; multi_select=&#8221;][\/av_contact_field]<br \/>\n[av_contact_field label=&#8217;Mensaje&#8217; type=&#8217;textarea&#8217; options=&#8221; check=&#8217;is_empty&#8217; width=&#8221; multi_select=&#8221;][\/av_contact_field]<br \/>\n[\/av_contact]<\/p>\n<p>[\/av_one_full]<\/p>\n","protected":false},"excerpt":{"rendered":"<p>[av_one_full first] [av_heading heading=&#8217;Estamos a sus \u00f3rdenes&#8217; tag=&#8217;h3&#8242; style=&#8217;blockquote modern-quote&#8217; size=&#8221; subheading_active=&#8221; subheading_size=&#8217;10&#8217; padding=&#8217;10&#8217; color=&#8221; custom_font=&#8221;][\/av_heading] [av_textblock size=&#8221; font_color=&#8221; color=&#8221;] Agradecemos su visita y nos ponemos a sus \u00f3rdenes para aclarar cualquier duda. Ll\u00e1menos al (442) 257 60 37 en la ciudad de Quer\u00e9taro o escr\u00edbanos sus comentarios y sugerencias. [\/av_textblock] [av_contact email=&#8217;claudia@penultimaversion.com&#8217; title=&#8221; button=&#8217;Enviar&#8217; &hellip; <a href=\"https:\/\/www.grupovitropanel.com\/grupovitropanel\/contacto\/\" class=\"more-link\">Seguir leyendo <span class=\"screen-reader-text\">Contacto<\/span> <span class=\"meta-nav\">&rarr;<\/span><\/a><\/p>\n","protected":false},"author":1,"featured_media":0,"parent":0,"menu_order":0,"comment_status":"open","ping_status":"open","template":"","meta":{"nf_dc_page":"","footnotes":""},"class_list":["post-1167","page","type-page","status-publish","hentry"],"yoast_head":"<!-- This site is optimized with the Yoast SEO plugin v26.9 - https:\/\/yoast.com\/product\/yoast-seo-wordpress\/ -->\n<title>Contacto - Grupo Vitropanel<\/title>\n<meta name=\"robots\" content=\"index, follow, max-snippet:-1, max-image-preview:large, max-video-preview:-1\" \/>\n<link rel=\"canonical\" href=\"https:\/\/www.grupovitropanel.com\/grupovitropanel\/contacto\/\" \/>\n<meta property=\"og:locale\" content=\"es_ES\" \/>\n<meta property=\"og:type\" content=\"article\" \/>\n<meta property=\"og:title\" content=\"Contacto - Grupo Vitropanel\" \/>\n<meta property=\"og:description\" content=\"[av_one_full first] [av_heading heading=&#8217;Estamos a sus \u00f3rdenes&#8217; tag=&#8217;h3&#8242; style=&#8217;blockquote modern-quote&#8217; size=&#8221; subheading_active=&#8221; subheading_size=&#8217;10&#8217; padding=&#8217;10&#8217; color=&#8221; custom_font=&#8221;][\/av_heading] [av_textblock size=&#8221; font_color=&#8221; color=&#8221;] Agradecemos su visita y nos ponemos a sus \u00f3rdenes para aclarar cualquier duda. Ll\u00e1menos al (442) 257 60 37 en la ciudad de Quer\u00e9taro o escr\u00edbanos sus comentarios y sugerencias. [\/av_textblock] [av_contact email=&#8217;claudia@penultimaversion.com&#8217; title=&#8221; button=&#8217;Enviar&#8217; &hellip; Seguir leyendo Contacto &rarr;\" \/>\n<meta property=\"og:url\" content=\"https:\/\/www.grupovitropanel.com\/grupovitropanel\/contacto\/\" \/>\n<meta property=\"og:site_name\" content=\"Grupo Vitropanel\" \/>\n<meta property=\"article:modified_time\" content=\"2015-04-08T19:04:51+00:00\" \/>\n<meta name=\"twitter:card\" content=\"summary_large_image\" \/>\n<meta name=\"twitter:label1\" content=\"Tiempo de lectura\" \/>\n\t<meta name=\"twitter:data1\" content=\"1 minuto\" \/>\n<script type=\"application\/ld+json\" class=\"yoast-schema-graph\">{\"@context\":\"https:\/\/schema.org\",\"@graph\":[{\"@type\":\"WebPage\",\"@id\":\"https:\/\/www.grupovitropanel.com\/grupovitropanel\/contacto\/\",\"url\":\"https:\/\/www.grupovitropanel.com\/grupovitropanel\/contacto\/\",\"name\":\"Contacto - Grupo Vitropanel\",\"isPartOf\":{\"@id\":\"https:\/\/www.grupovitropanel.com\/grupovitropanel\/#website\"},\"datePublished\":\"2013-04-05T13:33:38+00:00\",\"dateModified\":\"2015-04-08T19:04:51+00:00\",\"inLanguage\":\"es\",\"potentialAction\":[{\"@type\":\"ReadAction\",\"target\":[\"https:\/\/www.grupovitropanel.com\/grupovitropanel\/contacto\/\"]}]},{\"@type\":\"WebSite\",\"@id\":\"https:\/\/www.grupovitropanel.com\/grupovitropanel\/#website\",\"url\":\"https:\/\/www.grupovitropanel.com\/grupovitropanel\/\",\"name\":\"Grupo Vitropanel\",\"description\":\"Grupo Vitropanel\",\"potentialAction\":[{\"@type\":\"SearchAction\",\"target\":{\"@type\":\"EntryPoint\",\"urlTemplate\":\"https:\/\/www.grupovitropanel.com\/grupovitropanel\/?s={search_term_string}\"},\"query-input\":{\"@type\":\"PropertyValueSpecification\",\"valueRequired\":true,\"valueName\":\"search_term_string\"}}],\"inLanguage\":\"es\"}]}<\/script>\n<!-- \/ Yoast SEO plugin. -->","yoast_head_json":{"title":"Contacto - Grupo Vitropanel","robots":{"index":"index","follow":"follow","max-snippet":"max-snippet:-1","max-image-preview":"max-image-preview:large","max-video-preview":"max-video-preview:-1"},"canonical":"https:\/\/www.grupovitropanel.com\/grupovitropanel\/contacto\/","og_locale":"es_ES","og_type":"article","og_title":"Contacto - Grupo Vitropanel","og_description":"[av_one_full first] [av_heading heading=&#8217;Estamos a sus \u00f3rdenes&#8217; tag=&#8217;h3&#8242; style=&#8217;blockquote modern-quote&#8217; size=&#8221; subheading_active=&#8221; subheading_size=&#8217;10&#8217; padding=&#8217;10&#8217; color=&#8221; custom_font=&#8221;][\/av_heading] [av_textblock size=&#8221; font_color=&#8221; color=&#8221;] Agradecemos su visita y nos ponemos a sus \u00f3rdenes para aclarar cualquier duda. Ll\u00e1menos al (442) 257 60 37 en la ciudad de Quer\u00e9taro o escr\u00edbanos sus comentarios y sugerencias. [\/av_textblock] [av_contact email=&#8217;claudia@penultimaversion.com&#8217; title=&#8221; button=&#8217;Enviar&#8217; &hellip; Seguir leyendo Contacto &rarr;","og_url":"https:\/\/www.grupovitropanel.com\/grupovitropanel\/contacto\/","og_site_name":"Grupo Vitropanel","article_modified_time":"2015-04-08T19:04:51+00:00","twitter_card":"summary_large_image","twitter_misc":{"Tiempo de lectura":"1 minuto"},"schema":{"@context":"https:\/\/schema.org","@graph":[{"@type":"WebPage","@id":"https:\/\/www.grupovitropanel.com\/grupovitropanel\/contacto\/","url":"https:\/\/www.grupovitropanel.com\/grupovitropanel\/contacto\/","name":"Contacto - Grupo Vitropanel","isPartOf":{"@id":"https:\/\/www.grupovitropanel.com\/grupovitropanel\/#website"},"datePublished":"2013-04-05T13:33:38+00:00","dateModified":"2015-04-08T19:04:51+00:00","inLanguage":"es","potentialAction":[{"@type":"ReadAction","target":["https:\/\/www.grupovitropanel.com\/grupovitropanel\/contacto\/"]}]},{"@type":"WebSite","@id":"https:\/\/www.grupovitropanel.com\/grupovitropanel\/#website","url":"https:\/\/www.grupovitropanel.com\/grupovitropanel\/","name":"Grupo Vitropanel","description":"Grupo Vitropanel","potentialAction":[{"@type":"SearchAction","target":{"@type":"EntryPoint","urlTemplate":"https:\/\/www.grupovitropanel.com\/grupovitropanel\/?s={search_term_string}"},"query-input":{"@type":"PropertyValueSpecification","valueRequired":true,"valueName":"search_term_string"}}],"inLanguage":"es"}]}},"_links":{"self":[{"href":"https:\/\/www.grupovitropanel.com\/grupovitropanel\/wp-json\/wp\/v2\/pages\/1167","targetHints":{"allow":["GET"]}}],"collection":[{"href":"https:\/\/www.grupovitropanel.com\/grupovitropanel\/wp-json\/wp\/v2\/pages"}],"about":[{"href":"https:\/\/www.grupovitropanel.com\/grupovitropanel\/wp-json\/wp\/v2\/types\/page"}],"author":[{"embeddable":true,"href":"https:\/\/www.grupovitropanel.com\/grupovitropanel\/wp-json\/wp\/v2\/users\/1"}],"replies":[{"embeddable":true,"href":"https:\/\/www.grupovitropanel.com\/grupovitropanel\/wp-json\/wp\/v2\/comments?post=1167"}],"version-history":[{"count":10,"href":"https:\/\/www.grupovitropanel.com\/grupovitropanel\/wp-json\/wp\/v2\/pages\/1167\/revisions"}],"predecessor-version":[{"id":3542,"href":"https:\/\/www.grupovitropanel.com\/grupovitropanel\/wp-json\/wp\/v2\/pages\/1167\/revisions\/3542"}],"wp:attachment":[{"href":"https:\/\/www.grupovitropanel.com\/grupovitropanel\/wp-json\/wp\/v2\/media?parent=1167"}],"curies":[{"name":"wp","href":"https:\/\/api.w.org\/{rel}","templated":true}]}}